{"id":660,"date":"2018-07-30T11:49:30","date_gmt":"2018-07-30T11:49:30","guid":{"rendered":"https:\/\/www.familia.fi\/?page_id=660"},"modified":"2024-02-22T10:23:25","modified_gmt":"2024-02-22T10:23:25","slug":"kontakta-oss","status":"publish","type":"page","link":"https:\/\/www.familia.fi\/sv\/foretag\/kontakta-oss\/","title":{"rendered":"Kontakta oss"},"content":{"rendered":"<h2>Kontakt<\/h2>\n<p><strong>PNM-Chipsters Oy<\/strong><br \/>\nP\u00e4iv\u00e4l\u00e4isentie 2<br \/>\n00390 Helsinki, Finland<br \/>\nTel: +358 (0)20 755 8468<br \/>\n<a href=\"mailto:info@pnmchipsters.fi\">info@pnmchipsters.fi<\/a><br \/>\n<a href=\"https:\/\/www.pnmchipsters.fi\/\" target=\"_blank\" rel=\"noopener\">pnmchipsters.fi<\/a><\/p>\n","protected":false},"excerpt":{"rendered":"<p>Kontakt PNM-Chipsters Oy P\u00e4iv\u00e4l\u00e4isentie 2 00390 Helsinki, Finland Tel: +358 (0)20 755 8468 info@pnmchipsters.fi pnmchipsters.fi<\/p>\n","protected":false},"author":13,"featured_media":0,"parent":666,"menu_order":0,"comment_status":"closed","ping_status":"closed","template":"page-contact.php","meta":{"_acf_changed":false,"footnotes":""},"class_list":["post-660","page","type-page","status-publish","hentry"],"acf":[],"yoast_head":"<!-- This site is optimized with the Yoast SEO plugin v24.9 - https:\/\/yoast.com\/wordpress\/plugins\/seo\/ -->\n<title>Familia | Yhteydenotto<\/title>\n<meta name=\"robots\" content=\"index, follow, max-snippet:-1, max-image-preview:large, max-video-preview:-1\" \/>\n<link rel=\"canonical\" href=\"https:\/\/www.familia.fi\/sv\/foretag\/kontakta-oss\/\" \/>\n<meta property=\"og:locale\" content=\"sv_SE\" \/>\n<meta property=\"og:type\" content=\"article\" \/>\n<meta property=\"og:title\" content=\"Familia | Yhteydenotto\" \/>\n<meta property=\"og:description\" content=\"Kontakt PNM-Chipsters Oy P\u00e4iv\u00e4l\u00e4isentie 2 00390 Helsinki, Finland Tel: +358 (0)20 755 8468 info@pnmchipsters.fi pnmchipsters.fi\" \/>\n<meta property=\"og:url\" content=\"https:\/\/www.familia.fi\/sv\/foretag\/kontakta-oss\/\" \/>\n<meta property=\"og:site_name\" content=\"Familia\" \/>\n<meta property=\"article:modified_time\" content=\"2024-02-22T10:23:25+00:00\" \/>\n<meta name=\"twitter:card\" content=\"summary_large_image\" \/>\n<meta name=\"twitter:label1\" content=\"Ber\u00e4knad l\u00e4stid\" \/>\n\t<meta name=\"twitter:data1\" content=\"1 minut\" \/>\n<script type=\"application\/ld+json\" class=\"yoast-schema-graph\">{\"@context\":\"https:\/\/schema.org\",\"@graph\":[{\"@type\":\"WebPage\",\"@id\":\"https:\/\/www.familia.fi\/sv\/foretag\/kontakta-oss\/\",\"url\":\"https:\/\/www.familia.fi\/sv\/foretag\/kontakta-oss\/\",\"name\":\"Familia | Yhteydenotto\",\"isPartOf\":{\"@id\":\"https:\/\/www.familia.fi\/#website\"},\"datePublished\":\"2018-07-30T11:49:30+00:00\",\"dateModified\":\"2024-02-22T10:23:25+00:00\",\"breadcrumb\":{\"@id\":\"https:\/\/www.familia.fi\/sv\/foretag\/kontakta-oss\/#breadcrumb\"},\"inLanguage\":\"sv-SE\",\"potentialAction\":[{\"@type\":\"ReadAction\",\"target\":[\"https:\/\/www.familia.fi\/sv\/foretag\/kontakta-oss\/\"]}]},{\"@type\":\"BreadcrumbList\",\"@id\":\"https:\/\/www.familia.fi\/sv\/foretag\/kontakta-oss\/#breadcrumb\",\"itemListElement\":[{\"@type\":\"ListItem\",\"position\":1,\"name\":\"Home\",\"item\":\"https:\/\/www.familia.fi\/sv\/\"},{\"@type\":\"ListItem\",\"position\":2,\"name\":\"F\u00f6retag\",\"item\":\"https:\/\/www.familia.fi\/sv\/foretag\/\"},{\"@type\":\"ListItem\",\"position\":3,\"name\":\"Kontakta oss\"}]},{\"@type\":\"WebSite\",\"@id\":\"https:\/\/www.familia.fi\/#website\",\"url\":\"https:\/\/www.familia.fi\/\",\"name\":\"Familia\",\"description\":\"Meat With Respect\",\"potentialAction\":[{\"@type\":\"SearchAction\",\"target\":{\"@type\":\"EntryPoint\",\"urlTemplate\":\"https:\/\/www.familia.fi\/?s={search_term_string}\"},\"query-input\":{\"@type\":\"PropertyValueSpecification\",\"valueRequired\":true,\"valueName\":\"search_term_string\"}}],\"inLanguage\":\"sv-SE\"}]}<\/script>\n<!-- \/ Yoast SEO plugin. -->","yoast_head_json":{"title":"Familia | Yhteydenotto","robots":{"index":"index","follow":"follow","max-snippet":"max-snippet:-1","max-image-preview":"max-image-preview:large","max-video-preview":"max-video-preview:-1"},"canonical":"https:\/\/www.familia.fi\/sv\/foretag\/kontakta-oss\/","og_locale":"sv_SE","og_type":"article","og_title":"Familia | Yhteydenotto","og_description":"Kontakt PNM-Chipsters Oy P\u00e4iv\u00e4l\u00e4isentie 2 00390 Helsinki, Finland Tel: +358 (0)20 755 8468 info@pnmchipsters.fi pnmchipsters.fi","og_url":"https:\/\/www.familia.fi\/sv\/foretag\/kontakta-oss\/","og_site_name":"Familia","article_modified_time":"2024-02-22T10:23:25+00:00","twitter_card":"summary_large_image","twitter_misc":{"Ber\u00e4knad l\u00e4stid":"1 minut"},"schema":{"@context":"https:\/\/schema.org","@graph":[{"@type":"WebPage","@id":"https:\/\/www.familia.fi\/sv\/foretag\/kontakta-oss\/","url":"https:\/\/www.familia.fi\/sv\/foretag\/kontakta-oss\/","name":"Familia | Yhteydenotto","isPartOf":{"@id":"https:\/\/www.familia.fi\/#website"},"datePublished":"2018-07-30T11:49:30+00:00","dateModified":"2024-02-22T10:23:25+00:00","breadcrumb":{"@id":"https:\/\/www.familia.fi\/sv\/foretag\/kontakta-oss\/#breadcrumb"},"inLanguage":"sv-SE","potentialAction":[{"@type":"ReadAction","target":["https:\/\/www.familia.fi\/sv\/foretag\/kontakta-oss\/"]}]},{"@type":"BreadcrumbList","@id":"https:\/\/www.familia.fi\/sv\/foretag\/kontakta-oss\/#breadcrumb","itemListElement":[{"@type":"ListItem","position":1,"name":"Home","item":"https:\/\/www.familia.fi\/sv\/"},{"@type":"ListItem","position":2,"name":"F\u00f6retag","item":"https:\/\/www.familia.fi\/sv\/foretag\/"},{"@type":"ListItem","position":3,"name":"Kontakta oss"}]},{"@type":"WebSite","@id":"https:\/\/www.familia.fi\/#website","url":"https:\/\/www.familia.fi\/","name":"Familia","description":"Meat With Respect","potentialAction":[{"@type":"SearchAction","target":{"@type":"EntryPoint","urlTemplate":"https:\/\/www.familia.fi\/?s={search_term_string}"},"query-input":{"@type":"PropertyValueSpecification","valueRequired":true,"valueName":"search_term_string"}}],"inLanguage":"sv-SE"}]}},"_links":{"self":[{"href":"https:\/\/www.familia.fi\/sv\/wp-json\/wp\/v2\/pages\/660","targetHints":{"allow":["GET"]}}],"collection":[{"href":"https:\/\/www.familia.fi\/sv\/wp-json\/wp\/v2\/pages"}],"about":[{"href":"https:\/\/www.familia.fi\/sv\/wp-json\/wp\/v2\/types\/page"}],"author":[{"embeddable":true,"href":"https:\/\/www.familia.fi\/sv\/wp-json\/wp\/v2\/users\/13"}],"replies":[{"embeddable":true,"href":"https:\/\/www.familia.fi\/sv\/wp-json\/wp\/v2\/comments?post=660"}],"version-history":[{"count":13,"href":"https:\/\/www.familia.fi\/sv\/wp-json\/wp\/v2\/pages\/660\/revisions"}],"predecessor-version":[{"id":2685,"href":"https:\/\/www.familia.fi\/sv\/wp-json\/wp\/v2\/pages\/660\/revisions\/2685"}],"up":[{"embeddable":true,"href":"https:\/\/www.familia.fi\/sv\/wp-json\/wp\/v2\/pages\/666"}],"wp:attachment":[{"href":"https:\/\/www.familia.fi\/sv\/wp-json\/wp\/v2\/media?parent=660"}],"curies":[{"name":"wp","href":"https:\/\/api.w.org\/{rel}","templated":true}]}}