{"id":666,"date":"2018-07-30T11:53:23","date_gmt":"2018-07-30T11:53:23","guid":{"rendered":"https:\/\/www.familia.fi\/?page_id=666"},"modified":"2024-01-22T08:57:15","modified_gmt":"2024-01-22T08:57:15","slug":"foretag","status":"publish","type":"page","link":"https:\/\/www.familia.fi\/sv\/foretag\/","title":{"rendered":"F\u00f6retag"},"content":{"rendered":"<p id=\"yui_3_17_2_1_1539070081697_151\">Familia tar v\u00e4rldens b\u00e4sta k\u00f6ttdelikatesser till din tallrik. N\u00e4r du k\u00f6per en Familia-produkt f\u00e5r du garanterat utm\u00e4rkt smak och kvalitet. I v\u00e5rt breda utbud hittar du \u00f6ver hundra h\u00f6gklassiga k\u00f6ttsorter, fr\u00e5n struts till wagyu-n\u00f6tk\u00f6tt.<\/p>\n<p>Allt fler v\u00e4lsorterade matbutiker runt om i Sverige s\u00e4ljer produkter fr\u00e5n Familia. V\u00e5ra produkter s\u00e4ljs ocks\u00e5 i k\u00f6ttdiskarna. Om du inte hittar produkter fr\u00e5n Familia i din n\u00e4rbutik eller om du vill ha nya produkter i din butiks sortiment, kontakta oss.<\/p>\n<h2>Historia<\/h2>\n<p>I b\u00f6rjan av 1980-talet flyttade 15 \u00e5r gamla Gustaf Salmelin fr\u00e5n \u00c5land till den pulserande storstaden San Francisco. Gustaf hade en dr\u00f6m; han ville vara v\u00e4rldens b\u00e4sta vindsurfare.<\/p>\n<p>I \u00e5tta \u00e5rs tid reste Gustaf v\u00e4rlden runt f\u00f6r att t\u00e4vla i v\u00e4rldscupen i vindsurfing. Som 23 \u00e5r gammal flyttade v\u00e4rldsm\u00e4staren i issurfing tillbaka till Finland och inledde sina ekonomistudier vid \u00c5bo Akademi. Den unga mannen som var van vid ett aktivt liv besl\u00f6t att, vid sidan av sina studier, grunda ett f\u00f6retag. Eftersom importen till Finland var mycket begr\u00e4nsad i b\u00f6rjan av 90-talet importerade f\u00f6retaget livsmedel till tax free-kryssningsfartygen. En dag ringde fartygets personal till Gustaf och bad honom leverera k\u00f6tt. Gustaf antog utmaningen och ringde upp en vindsurfingkompis fr\u00e5n Brasilien, vars familj \u00e4gde ett f\u00f6retag inom k\u00f6ttbranschen. Den f\u00f6rsta containern med k\u00f6tt fr\u00e5n Brasilien anl\u00e4nde till Finland n\u00e5gra m\u00e5nader senare.\u00a0Efter att Finland \u00e5r 1995 gick med i EU utvidgades kundkretsen snabbt fr\u00e5n tax free till detaljhandeln och restauranger.<\/p>\n<p>V\u00e5rt namn \u00e4r idag PNM-Chipsters Oy. Idag arbetar, f\u00f6rutom Gustaf, \u00f6ver 100 yrkesm\u00e4n inom livsmedelsbranschen hos oss. V\u00e5rt huvudkontor och v\u00e5rt lager finns i K\u00e5nala, Helsingfors. Vi inspireras av v\u00e5rt m\u00e5l att ta nya och mer h\u00f6gklassiga smaker fr\u00e5n olika h\u00e5ll i v\u00e4rlden till konsumenternas tallrikar.<\/p>\n<p><strong>L\u00e4s mera om oss:<\/strong> <a href=\"https:\/\/www.pnmchipsters.fi\/\">pnmchipsters.fi<\/a><\/p>\n","protected":false},"excerpt":{"rendered":"<p>Familia tar v\u00e4rldens b\u00e4sta k\u00f6ttdelikatesser till din tallrik. N\u00e4r du k\u00f6per en Familia-produkt f\u00e5r du garanterat utm\u00e4rkt smak och kvalitet. I v\u00e5rt breda utbud hittar du \u00f6ver hundra h\u00f6gklassiga k\u00f6ttsorter, fr\u00e5n struts till wagyu-n\u00f6tk\u00f6tt. Allt fler v\u00e4lsorterade matbutiker runt om i Sverige s\u00e4ljer produkter fr\u00e5n Familia. V\u00e5ra produkter s\u00e4ljs ocks\u00e5 i k\u00f6ttdiskarna. Om du inte [&hellip;]<\/p>\n","protected":false},"author":13,"featured_media":1003,"parent":0,"menu_order":0,"comment_status":"closed","ping_status":"closed","template":"","meta":{"_acf_changed":false,"footnotes":""},"class_list":["post-666","page","type-page","status-publish","has-post-thumbnail","hentry"],"acf":[],"yoast_head":"<!-- This site is optimized with the Yoast SEO plugin v24.9 - https:\/\/yoast.com\/wordpress\/plugins\/seo\/ -->\n<title>Familia - F\u00f6retag<\/title>\n<meta name=\"robots\" content=\"index, follow, max-snippet:-1, max-image-preview:large, max-video-preview:-1\" \/>\n<link rel=\"canonical\" href=\"https:\/\/www.familia.fi\/sv\/foretag\/\" \/>\n<meta property=\"og:locale\" content=\"sv_SE\" \/>\n<meta property=\"og:type\" content=\"article\" \/>\n<meta property=\"og:title\" content=\"Familia - F\u00f6retag\" \/>\n<meta property=\"og:description\" content=\"Familia tar v\u00e4rldens b\u00e4sta k\u00f6ttdelikatesser till din tallrik. N\u00e4r du k\u00f6per en Familia-produkt f\u00e5r du garanterat utm\u00e4rkt smak och kvalitet. I v\u00e5rt breda utbud hittar du \u00f6ver hundra h\u00f6gklassiga k\u00f6ttsorter, fr\u00e5n struts till wagyu-n\u00f6tk\u00f6tt. Allt fler v\u00e4lsorterade matbutiker runt om i Sverige s\u00e4ljer produkter fr\u00e5n Familia. V\u00e5ra produkter s\u00e4ljs ocks\u00e5 i k\u00f6ttdiskarna. Om du inte [&hellip;]\" \/>\n<meta property=\"og:url\" content=\"https:\/\/www.familia.fi\/sv\/foretag\/\" \/>\n<meta property=\"og:site_name\" content=\"Familia\" \/>\n<meta property=\"article:modified_time\" content=\"2024-01-22T08:57:15+00:00\" \/>\n<meta property=\"og:image\" content=\"https:\/\/www.familia.fi\/wp-content\/uploads\/2018\/09\/image-bg-familia-1900x880-yritys.jpg\" \/>\n\t<meta property=\"og:image:width\" content=\"1900\" \/>\n\t<meta property=\"og:image:height\" content=\"880\" \/>\n\t<meta property=\"og:image:type\" content=\"image\/jpeg\" \/>\n<meta name=\"twitter:card\" content=\"summary_large_image\" \/>\n<meta name=\"twitter:label1\" content=\"Ber\u00e4knad l\u00e4stid\" \/>\n\t<meta name=\"twitter:data1\" content=\"2 minuter\" \/>\n<script type=\"application\/ld+json\" class=\"yoast-schema-graph\">{\"@context\":\"https:\/\/schema.org\",\"@graph\":[{\"@type\":\"WebPage\",\"@id\":\"https:\/\/www.familia.fi\/sv\/foretag\/\",\"url\":\"https:\/\/www.familia.fi\/sv\/foretag\/\",\"name\":\"Familia - F\u00f6retag\",\"isPartOf\":{\"@id\":\"https:\/\/www.familia.fi\/#website\"},\"primaryImageOfPage\":{\"@id\":\"https:\/\/www.familia.fi\/sv\/foretag\/#primaryimage\"},\"image\":{\"@id\":\"https:\/\/www.familia.fi\/sv\/foretag\/#primaryimage\"},\"thumbnailUrl\":\"https:\/\/www.familia.fi\/wp-content\/uploads\/2018\/09\/image-bg-familia-1900x880-yritys.jpg\",\"datePublished\":\"2018-07-30T11:53:23+00:00\",\"dateModified\":\"2024-01-22T08:57:15+00:00\",\"breadcrumb\":{\"@id\":\"https:\/\/www.familia.fi\/sv\/foretag\/#breadcrumb\"},\"inLanguage\":\"sv-SE\",\"potentialAction\":[{\"@type\":\"ReadAction\",\"target\":[\"https:\/\/www.familia.fi\/sv\/foretag\/\"]}]},{\"@type\":\"ImageObject\",\"inLanguage\":\"sv-SE\",\"@id\":\"https:\/\/www.familia.fi\/sv\/foretag\/#primaryimage\",\"url\":\"https:\/\/www.familia.fi\/wp-content\/uploads\/2018\/09\/image-bg-familia-1900x880-yritys.jpg\",\"contentUrl\":\"https:\/\/www.familia.fi\/wp-content\/uploads\/2018\/09\/image-bg-familia-1900x880-yritys.jpg\",\"width\":1900,\"height\":880,\"caption\":\"Riistakauden herkku - kokonainen fasaani\"},{\"@type\":\"BreadcrumbList\",\"@id\":\"https:\/\/www.familia.fi\/sv\/foretag\/#breadcrumb\",\"itemListElement\":[{\"@type\":\"ListItem\",\"position\":1,\"name\":\"Home\",\"item\":\"https:\/\/www.familia.fi\/sv\/\"},{\"@type\":\"ListItem\",\"position\":2,\"name\":\"F\u00f6retag\"}]},{\"@type\":\"WebSite\",\"@id\":\"https:\/\/www.familia.fi\/#website\",\"url\":\"https:\/\/www.familia.fi\/\",\"name\":\"Familia\",\"description\":\"Meat With Respect\",\"potentialAction\":[{\"@type\":\"SearchAction\",\"target\":{\"@type\":\"EntryPoint\",\"urlTemplate\":\"https:\/\/www.familia.fi\/?s={search_term_string}\"},\"query-input\":{\"@type\":\"PropertyValueSpecification\",\"valueRequired\":true,\"valueName\":\"search_term_string\"}}],\"inLanguage\":\"sv-SE\"}]}<\/script>\n<!-- \/ Yoast SEO plugin. -->","yoast_head_json":{"title":"Familia - F\u00f6retag","robots":{"index":"index","follow":"follow","max-snippet":"max-snippet:-1","max-image-preview":"max-image-preview:large","max-video-preview":"max-video-preview:-1"},"canonical":"https:\/\/www.familia.fi\/sv\/foretag\/","og_locale":"sv_SE","og_type":"article","og_title":"Familia - F\u00f6retag","og_description":"Familia tar v\u00e4rldens b\u00e4sta k\u00f6ttdelikatesser till din tallrik. N\u00e4r du k\u00f6per en Familia-produkt f\u00e5r du garanterat utm\u00e4rkt smak och kvalitet. I v\u00e5rt breda utbud hittar du \u00f6ver hundra h\u00f6gklassiga k\u00f6ttsorter, fr\u00e5n struts till wagyu-n\u00f6tk\u00f6tt. Allt fler v\u00e4lsorterade matbutiker runt om i Sverige s\u00e4ljer produkter fr\u00e5n Familia. V\u00e5ra produkter s\u00e4ljs ocks\u00e5 i k\u00f6ttdiskarna. Om du inte [&hellip;]","og_url":"https:\/\/www.familia.fi\/sv\/foretag\/","og_site_name":"Familia","article_modified_time":"2024-01-22T08:57:15+00:00","og_image":[{"width":1900,"height":880,"url":"https:\/\/www.familia.fi\/wp-content\/uploads\/2018\/09\/image-bg-familia-1900x880-yritys.jpg","type":"image\/jpeg"}],"twitter_card":"summary_large_image","twitter_misc":{"Ber\u00e4knad l\u00e4stid":"2 minuter"},"schema":{"@context":"https:\/\/schema.org","@graph":[{"@type":"WebPage","@id":"https:\/\/www.familia.fi\/sv\/foretag\/","url":"https:\/\/www.familia.fi\/sv\/foretag\/","name":"Familia - F\u00f6retag","isPartOf":{"@id":"https:\/\/www.familia.fi\/#website"},"primaryImageOfPage":{"@id":"https:\/\/www.familia.fi\/sv\/foretag\/#primaryimage"},"image":{"@id":"https:\/\/www.familia.fi\/sv\/foretag\/#primaryimage"},"thumbnailUrl":"https:\/\/www.familia.fi\/wp-content\/uploads\/2018\/09\/image-bg-familia-1900x880-yritys.jpg","datePublished":"2018-07-30T11:53:23+00:00","dateModified":"2024-01-22T08:57:15+00:00","breadcrumb":{"@id":"https:\/\/www.familia.fi\/sv\/foretag\/#breadcrumb"},"inLanguage":"sv-SE","potentialAction":[{"@type":"ReadAction","target":["https:\/\/www.familia.fi\/sv\/foretag\/"]}]},{"@type":"ImageObject","inLanguage":"sv-SE","@id":"https:\/\/www.familia.fi\/sv\/foretag\/#primaryimage","url":"https:\/\/www.familia.fi\/wp-content\/uploads\/2018\/09\/image-bg-familia-1900x880-yritys.jpg","contentUrl":"https:\/\/www.familia.fi\/wp-content\/uploads\/2018\/09\/image-bg-familia-1900x880-yritys.jpg","width":1900,"height":880,"caption":"Riistakauden herkku - kokonainen fasaani"},{"@type":"BreadcrumbList","@id":"https:\/\/www.familia.fi\/sv\/foretag\/#breadcrumb","itemListElement":[{"@type":"ListItem","position":1,"name":"Home","item":"https:\/\/www.familia.fi\/sv\/"},{"@type":"ListItem","position":2,"name":"F\u00f6retag"}]},{"@type":"WebSite","@id":"https:\/\/www.familia.fi\/#website","url":"https:\/\/www.familia.fi\/","name":"Familia","description":"Meat With Respect","potentialAction":[{"@type":"SearchAction","target":{"@type":"EntryPoint","urlTemplate":"https:\/\/www.familia.fi\/?s={search_term_string}"},"query-input":{"@type":"PropertyValueSpecification","valueRequired":true,"valueName":"search_term_string"}}],"inLanguage":"sv-SE"}]}},"_links":{"self":[{"href":"https:\/\/www.familia.fi\/sv\/wp-json\/wp\/v2\/pages\/666","targetHints":{"allow":["GET"]}}],"collection":[{"href":"https:\/\/www.familia.fi\/sv\/wp-json\/wp\/v2\/pages"}],"about":[{"href":"https:\/\/www.familia.fi\/sv\/wp-json\/wp\/v2\/types\/page"}],"author":[{"embeddable":true,"href":"https:\/\/www.familia.fi\/sv\/wp-json\/wp\/v2\/users\/13"}],"replies":[{"embeddable":true,"href":"https:\/\/www.familia.fi\/sv\/wp-json\/wp\/v2\/comments?post=666"}],"version-history":[{"count":5,"href":"https:\/\/www.familia.fi\/sv\/wp-json\/wp\/v2\/pages\/666\/revisions"}],"predecessor-version":[{"id":2672,"href":"https:\/\/www.familia.fi\/sv\/wp-json\/wp\/v2\/pages\/666\/revisions\/2672"}],"wp:featuredmedia":[{"embeddable":true,"href":"https:\/\/www.familia.fi\/sv\/wp-json\/wp\/v2\/media\/1003"}],"wp:attachment":[{"href":"https:\/\/www.familia.fi\/sv\/wp-json\/wp\/v2\/media?parent=666"}],"curies":[{"name":"wp","href":"https:\/\/api.w.org\/{rel}","templated":true}]}}